{"id":63,"date":"2025-11-10T14:49:37","date_gmt":"2025-11-10T13:49:37","guid":{"rendered":"https:\/\/ranczo3r.maciejkorzeb.pl\/?page_id=63"},"modified":"2026-01-13T16:00:00","modified_gmt":"2026-01-13T15:00:00","slug":"medica-service","status":"publish","type":"page","link":"https:\/\/ranczo3r.maciejkorzeb.pl\/?page_id=63","title":{"rendered":"Oferta"},"content":{"rendered":"\t\t<div data-elementor-type=\"wp-page\" data-elementor-id=\"63\" class=\"elementor elementor-63\" data-elementor-post-type=\"page\">\n\t\t\t\t\t\t<section data-particle_enable=\"false\" data-particle-mobile-disabled=\"false\" class=\"elementor-section elementor-top-section elementor-element elementor-element-202f507 elementor-section-stretched elementor-section-boxed elementor-section-height-default elementor-section-height-default\" data-id=\"202f507\" data-element_type=\"section\" data-settings=\"{&quot;stretch_section&quot;:&quot;section-stretched&quot;,&quot;background_background&quot;:&quot;gradient&quot;}\">\n\t\t\t\t\t\t<div class=\"elementor-container elementor-column-gap-narrow\">\n\t\t\t\t\t<div class=\"elementor-column elementor-col-100 elementor-top-column elementor-element elementor-element-6986c47\" data-id=\"6986c47\" data-element_type=\"column\">\n\t\t\t<div class=\"elementor-widget-wrap elementor-element-populated\">\n\t\t\t\t\t\t<div class=\"elementor-element elementor-element-a086dbd elementor-widget elementor-widget-heading\" data-id=\"a086dbd\" data-element_type=\"widget\" data-widget_type=\"heading.default\">\n\t\t\t\t<div class=\"elementor-widget-container\">\n\t\t\t\t\t<h2 class=\"elementor-heading-title elementor-size-default\">Co oferuj\u0119...<\/h2>\t\t\t\t<\/div>\n\t\t\t\t<\/div>\n\t\t\t\t<div class=\"elementor-element elementor-element-32a91bf elementor-widget elementor-widget-text-editor\" data-id=\"32a91bf\" data-element_type=\"widget\" data-widget_type=\"text-editor.default\">\n\t\t\t\t<div class=\"elementor-widget-container\">\n\t\t\t\t\t\t\t\t\t<p>Ka\u017cde spotkanie ze mn\u0105, mo\u017ce p\u00f3j\u015b\u0107 w dw\u00f3ch kierunkach&#8230; tradycyjnym&#8230; albo nietypowym z udzia\u0142em koni&#8230;przynosz\u0105cym r\u00f3wnie\u017c bardzo dobre efekty&#8230; Spr\u00f3buj!<\/p>\t\t\t\t\t\t\t\t<\/div>\n\t\t\t\t<\/div>\n\t\t\t\t<div class=\"elementor-element elementor-element-442939a elementor-widget__width-initial e-transform eael-infobox-content-align--center eael-infobox-icon-bg-shape-none eael-infobox-icon-hover-bg-shape-none elementor-invisible elementor-widget elementor-widget-eael-info-box\" data-id=\"442939a\" data-element_type=\"widget\" data-settings=\"{&quot;_animation&quot;:&quot;fadeInLeft&quot;,&quot;_transform_scale_effect&quot;:{&quot;unit&quot;:&quot;px&quot;,&quot;size&quot;:1.01,&quot;sizes&quot;:[]},&quot;_transform_scale_effect_tablet&quot;:{&quot;unit&quot;:&quot;px&quot;,&quot;size&quot;:&quot;&quot;,&quot;sizes&quot;:[]},&quot;_transform_scale_effect_mobile&quot;:{&quot;unit&quot;:&quot;px&quot;,&quot;size&quot;:&quot;&quot;,&quot;sizes&quot;:[]}}\" data-widget_type=\"eael-info-box.default\">\n\t\t\t\t<div class=\"elementor-widget-container\">\n\t\t\t\t\t        <div class=\"eael-infobox icon-on-top\">\n\t            <div class=\"infobox-icon eael-icon-only\">\n\n            \n                            <div class=\"infobox-icon-wrap\">\n                    <svg xmlns=\"http:\/\/www.w3.org\/2000\/svg\" id=\"Layer_1\" viewBox=\"0 0 47.43 54.25\"><defs><style>      .cls-1 {        fill: #fff;      }    <\/style><\/defs><path class=\"cls-1\" d=\"M15.29,33.97c1.24-.36,2.15.32,3.01,1.41,1.54,1.94,3.22,3.78,4.84,5.66.52.61.62.61,1.15,0,1.78-2.06,3.57-4.11,5.32-6.19.55-.66,1.15-.94,2.03-.92,1.55.04,3.1-.01,4.57.65,2.86,1.29,4.43,3.5,4.83,6.59.35,2.75.75,5.49,1.12,8.23.17,1.28.34,2.55.5,3.83.06.5-.02.96-.63,1-.58.04-.76-.4-.83-.88-.55-4.04-1.1-8.09-1.64-12.13-.45-3.38-3.14-5.7-6.55-5.84-1.41-.06-2.33.39-3.2,1.49-1.67,2.11-3.48,4.12-5.24,6.16-.6.69-1.11.7-1.72,0-2.01-2.33-4.01-4.67-6-7.02-.36-.43-.73-.59-1.28-.6-1.62-.04-3.2.07-4.61.99-1.75,1.15-2.81,2.72-3.08,4.83-.35,2.72-.76,5.44-1.14,8.15-.16,1.13-.3,2.27-.44,3.41-.03.21-.03.43-.08.64-.11.47-.31.91-.9.81-.55-.09-.61-.54-.55-1,.28-2.08.56-4.16.85-6.24.24-1.77.6-3.54.71-5.32.27-4.61,4.03-8.02,8.95-7.7Z\"><\/path><path class=\"cls-1\" d=\"M23.74,14.31c5.31,0,9.43,4.18,9.41,9.55-.02,5.16-4.24,9.33-9.44,9.33-5.14,0-9.41-4.21-9.43-9.28-.02-5.39,4.12-9.59,9.46-9.59ZM23.73,31.71c4.37,0,7.99-3.61,7.99-7.97,0-4.33-3.66-7.99-8-7.99-4.39,0-7.98,3.63-7.97,8.06,0,4.3,3.63,7.89,7.98,7.89Z\"><\/path><path class=\"cls-1\" d=\"M34.85,6.22c-.29.37-.48.56-.61.79-1.02,1.75-2.02,3.51-3.07,5.25-.17.28-.56.57-.86.59-.6.05-.81-.62-.42-1.31.69-1.22,1.42-2.43,2.12-3.65.43-.75.85-1.51,1.28-2.27-.05-.06-.09-.11-.14-.17-.31.06-.62.09-.93.17-.44.11-.85.08-1.01-.39-.16-.46.07-.78.52-.94,1.05-.38,2.1-.79,3.16-1.14.49-.16.91,0,1.02.58.21,1.1.42,2.2.61,3.31.08.46-.07.91-.55.9-.3,0-.65-.35-.87-.63-.17-.21-.15-.57-.27-1.08Z\"><\/path><path class=\"cls-1\" d=\"M41.89,14.19c-.21.09-.42.16-.61.27-1.78,1.02-3.56,2.03-5.33,3.06-.44.25-.92.48-1.24-.07-.32-.54,0-.92.5-1.21,1.8-1.03,3.59-2.07,5.38-3.12.17-.1.29-.28.43-.42-.19-.12-.36-.25-.56-.34-.1-.05-.23-.04-.35-.06-.5-.09-.69-.42-.61-.88.08-.47.43-.62.85-.54,1.13.19,2.25.39,3.37.62.47.1.7.48.56.92-.36,1.16-.74,2.31-1.2,3.43-.09.21-.61.38-.88.33-.19-.04-.4-.49-.4-.77-.01-.35.17-.71.26-1.07-.05-.05-.11-.1-.16-.15Z\"><\/path><path class=\"cls-1\" d=\"M14.15,5.42c.15.36.2.59.32.78.99,1.71,1.98,3.42,2.97,5.14.08.14.22.31.21.45-.04.34-.04.8-.25.98-.36.31-.78.1-1.02-.3-.63-1.07-1.25-2.14-1.87-3.21-.46-.81-.92-1.62-1.37-2.43-.1-.19-.18-.39-.26-.58-.11.06-.21.13-.32.19-.07.28-.13.57-.21.84-.12.43-.36.77-.85.7-.5-.07-.67-.44-.59-.9.2-1.15.41-2.3.65-3.44.12-.53.55-.65,1.01-.49,1.04.35,2.06.74,3.1,1.11.47.17.73.5.54.99-.18.46-.58.49-1.02.37-.28-.08-.58-.11-1.03-.19Z\"><\/path><path class=\"cls-1\" d=\"M5.33,14.12c.15.56.33.9.31,1.23-.02.3-.24.81-.4.82-.3.03-.81-.16-.91-.4-.45-1.05-.81-2.14-1.14-3.23-.19-.63.11-.99.76-1.11.96-.17,1.92-.35,2.88-.53.5-.09,1-.12,1.13.52.12.62-.28.82-.83.92-.25.04-.46.24-.69.37.16.15.31.33.5.44,1.69.99,3.38,1.96,5.07,2.94.14.08.3.16.43.26.39.28.6.65.32,1.1-.27.44-.7.37-1.07.16-1.12-.63-2.23-1.28-3.34-1.93-.74-.43-1.48-.86-2.23-1.28-.17-.1-.38-.14-.77-.29Z\"><\/path><path class=\"cls-1\" d=\"M23,6.98c0-1,.01-2-.01-3.01,0-.23-.14-.46-.22-.7-.19.12-.38.24-.56.37-.11.08-.2.27-.31.28-.32.03-.74.1-.95-.06-.16-.12-.22-.69-.08-.87.72-.94,1.5-1.85,2.3-2.73.34-.37.79-.36,1.13.03.77.87,1.55,1.75,2.25,2.68.14.19.08.81-.08.9-.25.15-.69.1-1.01,0-.32-.1-.58-.38-.87-.57-.06.39-.16.77-.17,1.16-.02,1.74,0,3.48,0,5.23,0,.17,0,.33,0,.5-.02.46-.1.88-.7.88-.58,0-.72-.39-.72-.86-.01-1.07,0-2.15,0-3.22,0,0,0,0,0,0Z\"><\/path><path class=\"cls-1\" d=\"M44.21,24.54c-.27-.02-.55-.06-.82-.06-1.93,0-3.86,0-5.8,0-.14,0-.29,0-.43,0-.5-.03-.84-.28-.82-.79.02-.49.37-.68.84-.68,2.05,0,4.1,0,6.15,0,.29,0,.59-.06,1.08-.11-.34-.35-.54-.57-.75-.78-.35-.34-.51-.74-.17-1.14.34-.4.76-.3,1.14.02.8.68,1.61,1.34,2.4,2.03.52.46.52.94,0,1.4-.79.69-1.59,1.36-2.4,2.04-.37.31-.77.46-1.13.04-.37-.44-.21-.85.21-1.17.23-.17.5-.28.75-.41-.09-.13-.17-.26-.26-.39Z\"><\/path><path class=\"cls-1\" d=\"M3.24,22.95c.3.02.6.06.9.06,2.01,0,4.01,0,6.02,0,.52,0,.93.15.92.74-.01.58-.42.75-.94.74-.19,0-.38,0-.57,0-1.84,0-3.68,0-5.52,0-.27,0-.55.05-1.02.09.33.35.51.58.72.77.38.33.54.72.23,1.13-.35.45-.79.34-1.19,0-.82-.7-1.64-1.39-2.44-2.1-.48-.42-.44-.89,0-1.29.82-.73,1.67-1.42,2.51-2.13.37-.31.78-.33,1.08.02.33.39.23.82-.17,1.13-.24.19-.53.31-.8.46.09.13.17.25.26.38Z\"><\/path><path class=\"cls-1\" d=\"M14.64,46.16c-.33,2.39-.65,4.89-1.03,7.39-.04.27-.47.63-.75.67-.46.05-.71-.32-.66-.81.12-1.04.26-2.08.4-3.12.19-1.44.41-2.88.59-4.32.07-.54.17-1.07.82-1.04.67.03.71.58.63,1.23Z\"><\/path><path class=\"cls-1\" d=\"M36.29,53.59c-.16.16-.38.56-.67.63-.55.12-.8-.32-.86-.82-.24-1.84-.47-3.69-.71-5.53-.09-.68-.21-1.36-.29-2.05-.05-.47.16-.82.63-.89.49-.07.75.27.82.71.36,2.57.71,5.14,1.09,7.95Z\"><\/path><path class=\"cls-1\" d=\"M23.73,31.71c-4.34,0-7.97-3.59-7.98-7.89,0-4.43,3.58-8.06,7.97-8.06,4.34,0,8,3.65,8,7.99,0,4.36-3.63,7.97-7.99,7.97Z\"><\/path><\/svg>                <\/div>\n            \n            \n        <\/div>\n            <div class=\"infobox-content eael-icon-only\">\n                    <div class=\"infobox-title-section\">\n                <h2 class=\"title\">Tradycyjna psychoterapia<\/h2>            <\/div>\n            <div><p>Tradycyjne spotkania i sesje terapeutyczne 1 na 1, ofFline lub online<\/p><\/div>        <div class=\"infobox-button\">\n            <a class=\"eael-infobox-button\" href=\"#\">\n                                                <span class=\"infobox-button-text\">Dowiedz si\u0119 wi\u0119cej<\/span>\n                            <\/a>\n        <\/div>\n            <\/div>\n            <\/div>\n\n\t\t\t\t\t\t<\/div>\n\t\t\t\t<\/div>\n\t\t\t\t<div class=\"elementor-element elementor-element-a0f23c7 elementor-widget__width-initial eael-infobox-content-align--center eael-infobox-icon-bg-shape-none eael-infobox-icon-hover-bg-shape-none elementor-invisible elementor-widget elementor-widget-eael-info-box\" data-id=\"a0f23c7\" data-element_type=\"widget\" data-settings=\"{&quot;_animation&quot;:&quot;fadeInRight&quot;}\" data-widget_type=\"eael-info-box.default\">\n\t\t\t\t<div class=\"elementor-widget-container\">\n\t\t\t\t\t        <div class=\"eael-infobox icon-on-top\">\n\t            <div class=\"infobox-icon eael-icon-only\">\n\n            \n                            <div class=\"infobox-icon-wrap\">\n                    <svg xmlns=\"http:\/\/www.w3.org\/2000\/svg\" id=\"Layer_1\" viewBox=\"0 0 56.69 53.1\"><defs><style>      .cls-1 {        fill: #fff;      }    <\/style><\/defs><path class=\"cls-1\" d=\"M56.68,24.76c-.05,1.79-.69,3.35-1.63,4.78-.16.25-.35.48-.54.7-.46.51-.97.59-1.55.23-.19-.12-.32-.11-.5.03-.64.49-1.33.85-2.1,1.03-1.11.25-1.89-.1-2.55-1.13-.33-.51-.52-1.08-.69-1.66-.12-.4-.22-.81-.32-1.21-.04-.14-.1-.2-.24-.2-1.09,0-2.16-.13-3.21-.43-.13-.04-.17.02-.19.15-.13.82-.28,1.63-.42,2.45-.01.08-.04.16-.06.24-.07.29-.09.56.08.85,1.13,1.95,2.07,4.01,2.73,6.2.43,1.41.72,2.85.78,4.34.07,1.75-.2,3.45-.67,5.11-.65,2.29-1.62,4.42-2.85,6.41-.19.31-.42.44-.77.45-.41.01-.69-.15-.96-.48-1.06-1.27-2.15-2.51-3.22-3.76-1.09-1.27-2.18-2.54-3.27-3.81-.81-.94-1.61-1.87-2.42-2.81-1.08-1.25-2.15-2.5-3.22-3.76-.95-1.11-1.9-2.21-2.86-3.32-.66-.76-1.31-1.52-1.96-2.29-.16-.19-.35-.28-.57-.33-.68-.16-1.38-.22-2.07-.22-.7,0-1.11-.58-.97-1.34.03-.13.05-.26.08-.39.49-2.31,1.11-4.58,1.93-6.78,1.03-2.77,2.34-5.37,4.12-7.65,1.66-2.13,3.61-3.85,5.97-4.98,1.29-.62,2.63-1.03,4.04-1.15.41-.04.81-.19,1.22-.29.22-.05.45-.09.67-.13.13-.02.19-.09.22-.24.26-1.51.54-3.02.79-4.53.08-.47.24-.85.65-1.07.22-.12.43-.12.65,0,2.04,1.08,3.1,3.02,3.76,5.28.2.7.3,1.44.47,2.16.03.15.12.31.23.4,1.8,1.65,3.63,3.26,5.42,4.93,1.63,1.52,3.22,3.1,4.63,4.88.32.41.61.85.89,1.29.39.61.53,1.3.5,2.04ZM41.14,6.55c-.03.11-.06.18-.08.25-.08.47-.15.93-.25,1.4-.31,1.59-.54,3.19-.57,4.81,0,.31-.03.64-.14.93-.16.44-.63.65-1.04.54-.44-.12-.74-.54-.72-1.05.02-.47.05-.93.08-1.39.01-.29,0-.31-.26-.25-2.27.54-4.17,1.82-5.71,3.71-1.11,1.36-1.88,2.97-2.63,4.59-1.15,2.49-2.16,5.04-3.05,7.65-.4,1.18-.81,2.36-1.22,3.54-.06.18-.05.31.08.45.27.3.52.6.78.9,1.51,1.75,3.01,3.51,4.52,5.26,2.04,2.38,4.08,4.75,6.13,7.13,1.5,1.75,3,3.49,4.51,5.24.19.22.22.21.36-.05.79-1.49,1.44-3.04,1.9-4.68.32-1.15.54-2.32.57-3.53.05-1.92-.39-3.74-1.02-5.51-.66-1.89-1.53-3.66-2.54-5.34-.14-.23-.22-.47-.18-.75.04-.27.09-.54.13-.8.11-.63.21-1.27.32-1.9.07-.38.15-.76.22-1.14.08-.43.07-.43-.27-.65-.95-.62-1.71-1.44-2.23-2.53-.14-.3-.19-.6-.09-.91.12-.37.37-.62.73-.67.39-.06.72.07.94.45.18.31.35.65.56.93.63.83,1.47,1.29,2.39,1.6,1.31.45,2.65.55,4.02.47.59-.03.96.28,1.06.9.19,1.11.44,2.19.97,3.18.11.21.27.28.43.23.39-.12.77-.29,1.14-.46.06-.03.1-.2.09-.29-.03-.25-.11-.5-.14-.76-.02-.21-.04-.44,0-.64.09-.4.34-.64.71-.72.39-.08.7.06.94.4.26.36.52.72.79,1.06.15.2.21.2.33-.03.28-.54.57-1.08.78-1.66.17-.46.25-.97.33-1.47.13-.73-.23-1.27-.63-1.8-1.21-1.59-2.57-3.01-4-4.34-2.16-2.02-4.37-3.99-6.55-5.97-.21-.19-.33-.43-.38-.74-.1-.65-.2-1.3-.34-1.93-.29-1.24-.75-2.39-1.51-3.37-.07-.08-.15-.16-.25-.27ZM30.22,15.26s-.03-.03-.05-.05c-.12.11-.25.21-.37.32-1.89,1.8-3.33,3.99-4.48,6.41-.67,1.42-1.26,2.88-1.72,4.4-.37,1.24-.68,2.5-1.02,3.75-.05.18,0,.24.16.26.23.03.45.06.67.1.39.06.39.06.52-.34.88-2.68,1.83-5.34,2.9-7.94.87-2.12,1.8-4.21,2.95-6.18.14-.24.29-.48.43-.73Z\"><\/path><path class=\"cls-1\" d=\"M20.1,28.32s0,0,0,0c0-.11.02-.2.05-.3-.65-.01-1.09.22-1.5.76-1.31,1.72-2.66,3.41-3.99,5.11-.39.5-.47.5-.86,0-1.22-1.55-2.47-3.07-3.63-4.67-.65-.9-1.33-1.47-2.26-1.17-3.7-.27-6.51,2.55-6.72,6.35-.08,1.47-.35,2.93-.53,4.39-.21,1.72-.43,3.43-.63,5.15-.05.38,0,.75.41.83.44.08.59-.28.67-.67.04-.17.04-.35.06-.53.11-.94.22-1.88.33-2.81.28-2.24.59-4.48.85-6.73.2-1.74.99-3.04,2.31-3.99,1.06-.76,2.24-.85,3.46-.82.41,0,.7.15.96.5,1.49,1.94,2.99,3.87,4.5,5.79.45.58.84.58,1.29,0,1.32-1.69,2.68-3.34,3.93-5.09.27-.38.55-.66.86-.86.09-.45.24-.86.44-1.26Z\"><\/path><path class=\"cls-1\" d=\"M14.24,11.81c3.99,0,7.07,3.45,7.06,7.88-.01,4.25-3.18,7.7-7.08,7.7-3.86,0-7.06-3.47-7.08-7.66-.02-4.45,3.09-7.91,7.1-7.91ZM14.23,26.17c3.28,0,6-2.98,6-6.58,0-3.58-2.75-6.59-6-6.59-3.3,0-5.99,2.99-5.98,6.65,0,3.55,2.73,6.51,5.99,6.51Z\"><\/path><path class=\"cls-1\" d=\"M22.58,5.13c-.22.31-.36.46-.46.65-.77,1.44-1.51,2.9-2.3,4.33-.13.23-.42.47-.65.49-.45.04-.61-.52-.32-1.08.52-1.01,1.06-2.01,1.59-3.01.33-.62.64-1.25.96-1.87-.03-.05-.07-.09-.1-.14-.23.05-.47.08-.69.14-.33.09-.63.07-.76-.32-.12-.38.05-.64.39-.78.79-.31,1.57-.65,2.37-.94.37-.13.68,0,.77.48.16.91.31,1.82.46,2.73.06.38-.06.75-.41.74-.23,0-.49-.29-.65-.52-.12-.18-.11-.47-.2-.89Z\"><\/path><path class=\"cls-1\" d=\"M27.86,11.71c-.15.07-.32.14-.46.23-1.34.84-2.67,1.68-4,2.53-.33.21-.69.39-.93-.05-.24-.45,0-.76.37-1,1.35-.85,2.69-1.71,4.04-2.58.13-.08.22-.23.32-.34-.14-.1-.27-.2-.42-.28-.08-.04-.18-.03-.26-.05-.37-.08-.51-.35-.45-.73.06-.39.32-.51.64-.45.85.16,1.69.32,2.53.51.36.08.52.39.42.76-.27.96-.56,1.91-.9,2.83-.07.17-.46.32-.66.27-.14-.03-.3-.41-.3-.63,0-.29.12-.59.2-.88-.04-.04-.08-.08-.12-.12Z\"><\/path><path class=\"cls-1\" d=\"M13.69,5.76c0-.83.01-1.65,0-2.48,0-.19-.11-.38-.16-.58-.14.1-.28.19-.42.3-.09.07-.15.22-.24.23-.24.02-.55.08-.71-.05-.12-.1-.16-.57-.06-.72.54-.78,1.13-1.52,1.73-2.25.25-.31.59-.3.85.02.58.72,1.16,1.44,1.69,2.21.11.16.06.67-.06.75-.19.12-.52.08-.76,0-.24-.09-.44-.31-.65-.47-.04.32-.12.64-.12.96-.01,1.44,0,2.88,0,4.31,0,.14,0,.28,0,.41-.02.38-.08.72-.52.72-.44,0-.54-.32-.54-.71,0-.89,0-1.77,0-2.66,0,0,0,0,0,0Z\"><\/path><path class=\"cls-1\" d=\"M7.41,38.1c-.24,1.97-.48,4.04-.78,6.1-.03.22-.35.52-.56.55-.35.04-.54-.27-.49-.67.09-.86.19-1.72.3-2.57.15-1.19.31-2.38.44-3.57.05-.44.13-.88.61-.86.51.03.54.48.48,1.02Z\"><\/path><path class=\"cls-1\" d=\"M23.66,44.23c-.12.13-.29.46-.5.52-.41.1-.6-.27-.65-.68-.18-1.52-.35-3.04-.53-4.56-.07-.56-.16-1.13-.22-1.69-.04-.38.12-.68.47-.73.37-.06.57.22.61.59.27,2.12.53,4.24.82,6.56Z\"><\/path><path class=\"cls-1\" d=\"M43.68,15.08c.52,0,.95.46.94,1.02,0,.56-.43,1.02-.95,1.02-.51,0-.93-.44-.94-1-.01-.58.4-1.04.94-1.04Z\"><\/path><\/svg>                <\/div>\n            \n            \n        <\/div>\n            <div class=\"infobox-content eael-icon-only\">\n                    <div class=\"infobox-title-section\">\n                <h2 class=\"title\">Psychoterapia z udzia\u0142em Koni<\/h2>            <\/div>\n            <div><p>Spotkania i sesje terapeutyczne 2 na 1, tylko w terenie<\/p><\/div>        <div class=\"infobox-button\">\n            <a class=\"eael-infobox-button\" href=\"#\">\n                                                <span class=\"infobox-button-text\">Dowiedz si\u0119 wi\u0119cej<\/span>\n                            <\/a>\n        <\/div>\n            <\/div>\n            <\/div>\n\n\t\t\t\t\t\t<\/div>\n\t\t\t\t<\/div>\n\t\t\t\t\t<\/div>\n\t\t<\/div>\n\t\t\t\t\t<\/div>\n\t\t<\/section>\n\t\t<div data-particle_enable=\"false\" data-particle-mobile-disabled=\"false\" class=\"elementor-element elementor-element-06decd3 e-flex e-con-boxed e-con e-parent\" data-id=\"06decd3\" data-element_type=\"container\" data-settings=\"{&quot;background_background&quot;:&quot;classic&quot;}\">\n\t\t\t\t\t<div class=\"e-con-inner\">\n\t\t\t\t\t<\/div>\n\t\t\t\t<\/div>\n\t\t\t\t<section data-particle_enable=\"false\" data-particle-mobile-disabled=\"false\" class=\"elementor-section elementor-top-section elementor-element elementor-element-3ce0053 elementor-section-stretched elementor-section-height-min-height elementor-section-boxed elementor-section-height-default elementor-section-items-middle\" data-id=\"3ce0053\" data-element_type=\"section\" data-settings=\"{&quot;stretch_section&quot;:&quot;section-stretched&quot;,&quot;background_background&quot;:&quot;gradient&quot;}\">\n\t\t\t\t\t\t<div class=\"elementor-container elementor-column-gap-narrow\">\n\t\t\t\t\t<div class=\"elementor-column elementor-col-100 elementor-top-column elementor-element elementor-element-4f30d26\" data-id=\"4f30d26\" data-element_type=\"column\">\n\t\t\t<div class=\"elementor-widget-wrap elementor-element-populated\">\n\t\t\t\t\t\t<div class=\"elementor-element elementor-element-b793b38 elementor-widget elementor-widget-heading\" data-id=\"b793b38\" data-element_type=\"widget\" data-widget_type=\"heading.default\">\n\t\t\t\t<div class=\"elementor-widget-container\">\n\t\t\t\t\t<span class=\"elementor-heading-title elementor-size-default\">A co m\u00f3wi\u0105 moi pacjenci?<\/span>\t\t\t\t<\/div>\n\t\t\t\t<\/div>\n\t\t\t\t<div class=\"elementor-element elementor-element-4017117 elementor-widget elementor-widget-eael-testimonial-slider\" data-id=\"4017117\" data-element_type=\"widget\" data-settings=\"{&quot;items&quot;:{&quot;unit&quot;:&quot;px&quot;,&quot;size&quot;:2,&quot;sizes&quot;:[]},&quot;items_tablet&quot;:{&quot;unit&quot;:&quot;px&quot;,&quot;size&quot;:1,&quot;sizes&quot;:[]},&quot;items_mobile&quot;:{&quot;unit&quot;:&quot;px&quot;,&quot;size&quot;:1,&quot;sizes&quot;:[]},&quot;slide_items&quot;:{&quot;unit&quot;:&quot;px&quot;,&quot;size&quot;:1,&quot;sizes&quot;:[]},&quot;slide_items_tablet&quot;:{&quot;unit&quot;:&quot;px&quot;,&quot;size&quot;:1,&quot;sizes&quot;:[]},&quot;slide_items_mobile&quot;:{&quot;unit&quot;:&quot;px&quot;,&quot;size&quot;:1,&quot;sizes&quot;:[]}}\" data-widget_type=\"eael-testimonial-slider.default\">\n\t\t\t\t<div class=\"elementor-widget-container\">\n\t\t\t\t\t\n        <div class=\"swiper-container-wrap eael-testimonial-slider content-top-icon-title-inline\" id=\"eael-testimonial-4017117\">\n\t\t\t            <div class=\"swiper swiper-8 eael-testimonial-slider-main swiper-container-4017117\" data-pagination=\".swiper-pagination-4017117\" data-arrow-next=\".swiper-button-next-4017117\" data-arrow-prev=\".swiper-button-prev-4017117\" data-items=\"2\" data-items-tablet=\"1\" data-items-mobile=\"1\" data-slide-items=\"1\" data-slide-items-tablet=\"1\" data-slide-items-mobile=\"1\" data-margin=\"45\" data-effect=\"slide\" data-speed=\"1000\" data-loop=\"1\" data-autoplay_speed=\"2000\">\n\n                <div class=\"swiper-wrapper\">\n\t\t\t\t\t\n\n\t\t\t\t\t\t\n\t\t\t\t\t\t\n\t\t\t\t\t\t\n\t\t\t\t\t\t\n\n\t\t\t\t\t\t                        <div class=\"eael-testimonial-item clearfix swiper-slide  eael-testimonial-align-centered\">\n                            <div class=\"eael-testimonial-item-inner clearfix\">\n                                <div class=\"eael-testimonial-content rating-five\" style=\"width: 100%; height: px;\">\n\t\t\t\t\t\t\t\t\t<span class=\"eael-testimonial-quote\"><\/span><div class=\"eael-testimonial-text \"><p>Serdecznie polecam sesje z Pani\u0105 Ew\u0105, kt\u00f3ra w kryzysie okaza\u0142a du\u017ce wsparcie i zrozumienie co nie by\u0142o proste, szybko potrafi\u0142a dostrzec z czym cz\u0142owiek sie mierzy w danej chwili, pomog\u0142a mi znale\u017a\u0107 \u017ar\u00f3d\u0142o oraz pozna\u0107 siebie, zwr\u00f3ci\u0107 uwag\u0119 na swoje potrzeby oraz wypracowa\u0107 metody radzenia sobie ze stresem. SERDECZNIE PANI DZI\u0118KUJ\u0118 ZA WSZYSTKO<\/p><\/div>                                    <div class=\"testimonial-inline-style\">\n\t\t\t\t\t\t\t\t\t\t        <p class=\"eael-testimonial-user\" >Agnieszka<\/p>\n        <p class=\"eael-testimonial-user-company\"><\/p>\n\t\t        <ul class=\"testimonial-star-rating\">\n            <li><i class=\"fa fa-star\" aria-hidden=\"true\"><\/i><\/li>\n            <li><i class=\"fa fa-star\" aria-hidden=\"true\"><\/i><\/li>\n            <li><i class=\"fa fa-star\" aria-hidden=\"true\"><\/i><\/li>\n            <li><i class=\"fa fa-star\" aria-hidden=\"true\"><\/i><\/li>\n            <li><i class=\"fa fa-star\" aria-hidden=\"true\"><\/i><\/li>\n        <\/ul>\n\t\t                                    <\/div>\n                                <\/div>\n                            <\/div>\n                        <\/div>\n\t\t\t\t\t\n\t\t\t\t\t\t\n\n\t\t\t\t\t\t\n\t\t\t\t\t\t\n\n\t\t\t\t\t\t\n\t\t\t\t\t\t\n\t\t\t\t\t\t\n\t\t\t\t\t\t\n\n\t\t\t\t\t\t                        <div class=\"eael-testimonial-item clearfix swiper-slide  eael-testimonial-align-centered\">\n                            <div class=\"eael-testimonial-item-inner clearfix\">\n                                <div class=\"eael-testimonial-content rating-five\" style=\"width: 100%; height: px;\">\n\t\t\t\t\t\t\t\t\t<span class=\"eael-testimonial-quote\"><\/span><div class=\"eael-testimonial-text \"><p>Trafi\u0142am do Pani Ewy z polecenia po kilku nieudanych pr\u00f3bach u innych terapeut\u00f3w. Pani Ewa wzbudzi\u0142a moje zaufanie (a nie by\u0142o \u0142atwo ;)). Jej rzetelno\u015b\u0107, wiedza i zaanga\u017cowanie sprawi\u0142y, \u017ce jako\u015b\u0107 \u017cycia mojego i mojej rodziny znacznie si\u0119 poprawi\u0142a. Polecam wszystkim, kt\u00f3rzy s\u0105 gotowi na pozytywne zmiany, na ulg\u0119 i wi\u0119ksze zrozumienie siebie, ale te\u017c tym, kt\u00f3rzy wahaj\u0105 si\u0119 czy psychoterapia jest \"dla nich\", lub s\u0105 w kryzysowej sytuacji. Trafi\u0105 w kompetentne i bezpieczne r\u0119ce.<\/p><\/div>                                    <div class=\"testimonial-inline-style\">\n\t\t\t\t\t\t\t\t\t\t        <p class=\"eael-testimonial-user\" >Renata<\/p>\n        <p class=\"eael-testimonial-user-company\"><\/p>\n\t\t        <ul class=\"testimonial-star-rating\">\n            <li><i class=\"fa fa-star\" aria-hidden=\"true\"><\/i><\/li>\n            <li><i class=\"fa fa-star\" aria-hidden=\"true\"><\/i><\/li>\n            <li><i class=\"fa fa-star\" aria-hidden=\"true\"><\/i><\/li>\n            <li><i class=\"fa fa-star\" aria-hidden=\"true\"><\/i><\/li>\n            <li><i class=\"fa fa-star\" aria-hidden=\"true\"><\/i><\/li>\n        <\/ul>\n\t\t                                    <\/div>\n                                <\/div>\n                            <\/div>\n                        <\/div>\n\t\t\t\t\t\n\t\t\t\t\t\t\n\n\t\t\t\t\t\t\n\t\t\t\t\t\t\n\n\t\t\t\t\t\t\n\t\t\t\t\t\t\n\t\t\t\t\t\t\n\t\t\t\t\t\t\n\n\t\t\t\t\t\t                        <div class=\"eael-testimonial-item clearfix swiper-slide  eael-testimonial-align-centered\">\n                            <div class=\"eael-testimonial-item-inner clearfix\">\n                                <div class=\"eael-testimonial-content rating-five\" style=\"width: 100%; height: px;\">\n\t\t\t\t\t\t\t\t\t<span class=\"eael-testimonial-quote\"><\/span><div class=\"eael-testimonial-text \"><p>Do pani Ewy trafi\u0142am z polecenia i nie zawiod\u0142am si\u0119. Jej empatia, spok\u00f3j i autentyczne zainteresowanie sprawi\u0142y, \u017ce podczas konsultacji czu\u0142am si\u0119 rozumiana i akceptowana. Dzi\u0119ki spotkaniom z pani\u0105 Ew\u0105 mog\u0142am lepiej zrozumie\u0107 siebie a tak\u017ce zaakceptowa\u0107 to, co wydawa\u0142o si\u0119 trudne do przyj\u0119cia. Dzi\u0119kuj\u0119 za ten czas. Bardzo bardzo polecam.<\/p><\/div>                                    <div class=\"testimonial-inline-style\">\n\t\t\t\t\t\t\t\t\t\t        <p class=\"eael-testimonial-user\" >Joanna<\/p>\n        <p class=\"eael-testimonial-user-company\"><\/p>\n\t\t        <ul class=\"testimonial-star-rating\">\n            <li><i class=\"fa fa-star\" aria-hidden=\"true\"><\/i><\/li>\n            <li><i class=\"fa fa-star\" aria-hidden=\"true\"><\/i><\/li>\n            <li><i class=\"fa fa-star\" aria-hidden=\"true\"><\/i><\/li>\n            <li><i class=\"fa fa-star\" aria-hidden=\"true\"><\/i><\/li>\n            <li><i class=\"fa fa-star\" aria-hidden=\"true\"><\/i><\/li>\n        <\/ul>\n\t\t                                    <\/div>\n                                <\/div>\n                            <\/div>\n                        <\/div>\n\t\t\t\t\t\n\t\t\t\t\t\t\n\n\t\t\t\t\t\t\n\t\t\t\t\t\t                <\/div>\n\t\t\t\t            <\/div>\n\t\t\t        <\/div>\n\n\t\t\t\t\t\t<\/div>\n\t\t\t\t<\/div>\n\t\t\t\t\t<\/div>\n\t\t<\/div>\n\t\t\t\t\t<\/div>\n\t\t<\/section>\n\t\t\t\t<\/div>\n\t\t","protected":false},"excerpt":{"rendered":"<p>Co oferuj\u0119&#8230; Ka\u017cde spotkanie ze mn\u0105, mo\u017ce p\u00f3j\u015b\u0107 w dw\u00f3ch kierunkach&#8230; tradycyjnym&#8230; albo nietypowym z udzia\u0142em koni&#8230;przynosz\u0105cym r\u00f3wnie\u017c bardzo dobre efekty&#8230; Spr\u00f3buj! Tradycyjna psychoterapia Tradycyjne spotkania i sesje terapeutyczne 1 na 1, ofFline lub online Dowiedz si\u0119 wi\u0119cej Psychoterapia z udzia\u0142em Koni Spotkania i sesje terapeutyczne 2 na 1, tylko w terenie Dowiedz si\u0119 wi\u0119cej [&hellip;]<\/p>\n","protected":false},"author":1,"featured_media":0,"parent":0,"menu_order":0,"comment_status":"closed","ping_status":"closed","template":"elementor_header_footer","meta":{"footnotes":""},"class_list":["post-63","page","type-page","status-publish","hentry"],"_links":{"self":[{"href":"https:\/\/ranczo3r.maciejkorzeb.pl\/index.php?rest_route=\/wp\/v2\/pages\/63","targetHints":{"allow":["GET"]}}],"collection":[{"href":"https:\/\/ranczo3r.maciejkorzeb.pl\/index.php?rest_route=\/wp\/v2\/pages"}],"about":[{"href":"https:\/\/ranczo3r.maciejkorzeb.pl\/index.php?rest_route=\/wp\/v2\/types\/page"}],"author":[{"embeddable":true,"href":"https:\/\/ranczo3r.maciejkorzeb.pl\/index.php?rest_route=\/wp\/v2\/users\/1"}],"replies":[{"embeddable":true,"href":"https:\/\/ranczo3r.maciejkorzeb.pl\/index.php?rest_route=%2Fwp%2Fv2%2Fcomments&post=63"}],"version-history":[{"count":39,"href":"https:\/\/ranczo3r.maciejkorzeb.pl\/index.php?rest_route=\/wp\/v2\/pages\/63\/revisions"}],"predecessor-version":[{"id":748,"href":"https:\/\/ranczo3r.maciejkorzeb.pl\/index.php?rest_route=\/wp\/v2\/pages\/63\/revisions\/748"}],"wp:attachment":[{"href":"https:\/\/ranczo3r.maciejkorzeb.pl\/index.php?rest_route=%2Fwp%2Fv2%2Fmedia&parent=63"}],"curies":[{"name":"wp","href":"https:\/\/api.w.org\/{rel}","templated":true}]}}